{"id":7,"date":"2025-01-09T13:34:27","date_gmt":"2025-01-09T13:34:27","guid":{"rendered":"https:\/\/belle-passion.com\/?page_id=7"},"modified":"2025-09-05T23:37:36","modified_gmt":"2025-09-05T15:37:36","slug":"lart-des-talons-hauts","status":"publish","type":"page","link":"https:\/\/belle-passion.fr\/index.php\/lart-des-talons-hauts\/","title":{"rendered":"L\u2019Art des Talons Haut"},"content":{"rendered":"\n<h2 class=\"wp-block-heading has-text-align-center has-large-font-size\"><strong>Les talons hauts : une \u0153uvre<br> d\u2019art et une d\u00e9marche artistique<\/strong><\/h2>\n\n\n\n<p class=\"has-text-align-center\">Les talons hauts ne sont pas <br>qu\u2019un simple accessoire.<br><br>Ils incarnent une forme d\u2019art<br> et marcher avec eux devient<br> une v\u00e9ritable expression artistique.<br><br>J\u2019aime profond\u00e9ment <br>la philosophie d\u2019ASAMI-PARIS.<br>Tout y est logique, tout y est beaut\u00e9.<\/p>\n\n\n\n<p class=\"has-text-align-center\">Une philosophie ignor\u00e9e reste <br>invisible mais une fois d\u00e9couverte,<br> il devient impossible de <br>revenir en arri\u00e8re.<\/p>\n\n\n\n<p class=\"has-text-align-center\">La philosophie d\u2019ASAMI-PARIS <br>m\u2019a profond\u00e9ment inspir\u00e9e<br>et j\u2019ai \u00e0 c\u0153ur d\u2019en transmettre<br> l\u2019esprit dans mon propre travail.<\/p>\n\n\n\n<p class=\"has-text-align-center\">Bien que j\u2019aie toujours aim\u00e9<br>les talons hauts \u2013 d\u00e9j\u00e0 \u00e9tudiante<br>je les portais souvent \u2013<br> il m\u2019arrivait de tr\u00e9bucher.<br><br>Cependant, en apprenant \u00e0<br> marcher correctement, j\u2019ai acquis <br>une confiance in\u00e9branlable.<br><br> Aujourd\u2019hui, m\u00eame avec les talons<br> les plus hauts, je ne tombe<br> jamais et je n\u2019ai plus jamais <br>ressenti d\u2019ins\u00e9curit\u00e9.<\/p>\n\n\n\n<p class=\"has-text-align-center\">Je me souviens encore du moment<br>o\u00f9 une cliente a chauss\u00e9 des <br>talons hauts pour la premi\u00e8re fois <br>lors de notre s\u00e9ance.<br><br>En un instant, sa pr\u00e9sence et <br>son aura se sont m\u00e9tamorphos\u00e9es.<br>Les talons hauts transforment<br> les femmes.<br><br>La m\u00eame personne, en talons plats <br>ou en talons hauts, d\u00e9gage une aura<br> totalement diff\u00e9rente.<\/p>\n\n\n\n<p class=\"has-text-align-center\">Voir mes clientes se r\u00e9v\u00e9ler,<br>devenir plus belles et plus confiantes<br> m\u2019a confirm\u00e9 que la philosophie <br>des talons hauts est essentielle<br> pour toutes les femmes.<\/p>\n\n\n\n<p class=\"has-text-align-center\"><\/p>\n\n\n\n<div style=\"height:5px\" aria-hidden=\"true\" class=\"wp-block-spacer\"><\/div>\n\n\n\n<h2 class=\"wp-block-heading has-text-align-center has-large-font-size\"><strong>Une d\u00e9marche artistique qui sublime<\/strong><br><strong> votre beaut\u00e9<\/strong><\/h2>\n\n\n\n<p class=\"has-text-align-center\">Marcher en talons hauts d\u00e9passe<br> la simple question de style.<br><br>C\u2019est une mani\u00e8re d\u2019amplifier <br>la beaut\u00e9 naturelle d\u2019une femme<br>et de r\u00e9v\u00e9ler une \u00e9l\u00e9gance artistique.<\/p>\n\n\n\n<p class=\"has-text-align-center\">Cependant, une posture inad\u00e9quate <br>ou une d\u00e9marche incorrecte peut <br>non seulement att\u00e9nuer cette beaut\u00e9<br>mais aussi entra\u00eener des<br> douleurs physiques.<\/p>\n\n\n\n<p class=\"has-text-align-center\">Beaucoup de femmes entretiennent <br>des id\u00e9es fausses sur les talons hauts.<br><br>Mais la v\u00e9rit\u00e9 est simple : <br>ce ne sont pas les talons eux-m\u00eames<br> qui posent probl\u00e8me, mais la mani\u00e8re<br> dont on marche avec.<\/p>\n\n\n\n<p class=\"has-text-align-center\">Chez Belle Passion<br> je m\u2019inspire de la philosophie <br>unique d\u2019ASAMI-PARIS et <br>j\u2019int\u00e8gre son esprit dans ma <br>propre approche.<br><br>Une approche qui allie une \u00e9l\u00e9gance <br>supr\u00eame au respect du corps<br>pour vous apprendre \u00e0 marcher<br> avec une gr\u00e2ce incomparable<br>sans aucune contrainte physique.<\/p>\n\n\n\n<div style=\"height:5px\" aria-hidden=\"true\" class=\"wp-block-spacer\"><\/div>\n\n\n\n<h2 class=\"wp-block-heading has-text-align-center has-large-font-size\"><strong>Un cadeau inestimable <\/strong><br><strong>pour toutes les femmes<\/strong><\/h2>\n\n\n\n<p class=\"has-text-align-center\">Les talons hauts ne sont pas <br>qu\u2019une affaire de mode.<br><br>Ils sont un outil puissant pour<br>r\u00e9v\u00e9ler la force et la beaut\u00e9 <br>int\u00e9rieure de chaque femme.<\/p>\n\n\n\n<p class=\"has-text-align-center\">Offrez-vous ce cadeau unique :<br>la ma\u00eetrise de l\u2019art de marcher <br>en talons hauts, et transformez <br>\u00e0 jamais votre pr\u00e9sence.<br><br><br><br><strong>Contact<\/strong><br>bellepassionyukiko@gmail.com<\/p>\n\n\n\n<div style=\"height:6px\" aria-hidden=\"true\" class=\"wp-block-spacer\"><\/div>\n\n\n\n<figure class=\"wp-block-image aligncenter size-full is-resized\"><img loading=\"lazy\" decoding=\"async\" width=\"338\" height=\"400\" src=\"https:\/\/belle-passion.fr\/wp-content\/uploads\/2025\/01\/Flaner-1.jpeg\" alt=\"\" class=\"wp-image-126\" style=\"object-fit:cover;width:300px;height:300px\" srcset=\"https:\/\/belle-passion.fr\/wp-content\/uploads\/2025\/01\/Flaner-1.jpeg 338w, https:\/\/belle-passion.fr\/wp-content\/uploads\/2025\/01\/Flaner-1-254x300.jpeg 254w\" sizes=\"auto, (max-width: 338px) 100vw, 338px\" \/><\/figure>\n","protected":false},"excerpt":{"rendered":"<p>Les talons hauts : une \u0153uvre d\u2019art et une d\u00e9marche artistique Les talons hauts ne sont pas qu\u2019un simple accessoire. Ils incarnent une forme d\u2019art et marcher avec eux devient une v\u00e9ritable expression artistique. J\u2019aime profond\u00e9ment la philosophie d\u2019ASAMI-PARIS.Tout y est logique, tout y est beaut\u00e9. Une philosophie ignor\u00e9e reste invisible mais une fois d\u00e9couverte, [&hellip;]<\/p>\n","protected":false},"author":1,"featured_media":117,"parent":0,"menu_order":0,"comment_status":"closed","ping_status":"closed","template":"","meta":{"footnotes":""},"class_list":["post-7","page","type-page","status-publish","has-post-thumbnail","hentry"],"_links":{"self":[{"href":"https:\/\/belle-passion.fr\/index.php\/wp-json\/wp\/v2\/pages\/7","targetHints":{"allow":["GET"]}}],"collection":[{"href":"https:\/\/belle-passion.fr\/index.php\/wp-json\/wp\/v2\/pages"}],"about":[{"href":"https:\/\/belle-passion.fr\/index.php\/wp-json\/wp\/v2\/types\/page"}],"author":[{"embeddable":true,"href":"https:\/\/belle-passion.fr\/index.php\/wp-json\/wp\/v2\/users\/1"}],"replies":[{"embeddable":true,"href":"https:\/\/belle-passion.fr\/index.php\/wp-json\/wp\/v2\/comments?post=7"}],"version-history":[{"count":21,"href":"https:\/\/belle-passion.fr\/index.php\/wp-json\/wp\/v2\/pages\/7\/revisions"}],"predecessor-version":[{"id":325,"href":"https:\/\/belle-passion.fr\/index.php\/wp-json\/wp\/v2\/pages\/7\/revisions\/325"}],"wp:featuredmedia":[{"embeddable":true,"href":"https:\/\/belle-passion.fr\/index.php\/wp-json\/wp\/v2\/media\/117"}],"wp:attachment":[{"href":"https:\/\/belle-passion.fr\/index.php\/wp-json\/wp\/v2\/media?parent=7"}],"curies":[{"name":"wp","href":"https:\/\/api.w.org\/{rel}","templated":true}]}}