{"id":23,"date":"2025-01-09T13:37:13","date_gmt":"2025-01-09T13:37:13","guid":{"rendered":"https:\/\/belle-passion.com\/?page_id=23"},"modified":"2025-01-13T22:26:25","modified_gmt":"2025-01-13T14:26:25","slug":"contact","status":"publish","type":"page","link":"https:\/\/belle-passion.fr\/index.php\/contact\/","title":{"rendered":"Contact"},"content":{"rendered":"\n<p><\/p>\n\n\n\n<p class=\"has-text-align-center has-contrast-color has-text-color has-link-color wp-elements-77a350cc21712a0d58a3c9a2eb6c7b69\">Pour toute demande d\u2019information ou d\u2019inscription<br> veuillez me contacter via les coordonn\u00e9es ci-dessous.<\/p>\n\n\n\n<p class=\"has-text-align-center has-contrast-color has-text-color has-link-color wp-elements-feadeabf3ff63490fb563aa939f2a93f\"><br><strong>Contact<\/strong><br><strong>bellepassionyukiko@gmail.com<\/strong><br><br><br>Si vous ne recevez pas de r\u00e9ponse<br> de ma part sous 24 heures <br>merci de me contacter directement via un message<br> priv\u00e9 sur le compte Instagram de Belle passion.<br><br><br><a href=\"https:\/\/www.instagram.com\/bellepassionyukikoitn\/\" data-type=\"link\" data-id=\"https:\/\/www.instagram.com\/bellepassionyukikoitn\/\"><strong><em>Belle passion<br>Instagram<\/em><\/strong><\/a><\/p>\n\n\n\n<div style=\"height:5px\" aria-hidden=\"true\" class=\"wp-block-spacer\"><\/div>\n\n\n\n<figure class=\"wp-block-image aligncenter size-full is-resized\"><img loading=\"lazy\" decoding=\"async\" width=\"225\" height=\"400\" src=\"https:\/\/belle-passion.fr\/wp-content\/uploads\/2025\/01\/8cab41e1-a770-4f17-94d3-57525350f2a5.jpeg\" alt=\"\" class=\"wp-image-145\" style=\"object-fit:cover;width:300px;height:300px\" srcset=\"https:\/\/belle-passion.fr\/wp-content\/uploads\/2025\/01\/8cab41e1-a770-4f17-94d3-57525350f2a5.jpeg 225w, https:\/\/belle-passion.fr\/wp-content\/uploads\/2025\/01\/8cab41e1-a770-4f17-94d3-57525350f2a5-169x300.jpeg 169w\" sizes=\"auto, (max-width: 225px) 100vw, 225px\" \/><\/figure>\n\n\n\n<p><\/p>\n","protected":false},"excerpt":{"rendered":"<p>Pour toute demande d\u2019information ou d\u2019inscription veuillez me contacter via les coordonn\u00e9es ci-dessous. Contactbellepassionyukiko@gmail.com Si vous ne recevez pas de r\u00e9ponse de ma part sous 24 heures merci de me contacter directement via un message priv\u00e9 sur le compte Instagram de Belle passion. Belle passionInstagram<\/p>\n","protected":false},"author":1,"featured_media":146,"parent":0,"menu_order":0,"comment_status":"closed","ping_status":"closed","template":"","meta":{"footnotes":""},"class_list":["post-23","page","type-page","status-publish","has-post-thumbnail","hentry"],"_links":{"self":[{"href":"https:\/\/belle-passion.fr\/index.php\/wp-json\/wp\/v2\/pages\/23","targetHints":{"allow":["GET"]}}],"collection":[{"href":"https:\/\/belle-passion.fr\/index.php\/wp-json\/wp\/v2\/pages"}],"about":[{"href":"https:\/\/belle-passion.fr\/index.php\/wp-json\/wp\/v2\/types\/page"}],"author":[{"embeddable":true,"href":"https:\/\/belle-passion.fr\/index.php\/wp-json\/wp\/v2\/users\/1"}],"replies":[{"embeddable":true,"href":"https:\/\/belle-passion.fr\/index.php\/wp-json\/wp\/v2\/comments?post=23"}],"version-history":[{"count":6,"href":"https:\/\/belle-passion.fr\/index.php\/wp-json\/wp\/v2\/pages\/23\/revisions"}],"predecessor-version":[{"id":205,"href":"https:\/\/belle-passion.fr\/index.php\/wp-json\/wp\/v2\/pages\/23\/revisions\/205"}],"wp:featuredmedia":[{"embeddable":true,"href":"https:\/\/belle-passion.fr\/index.php\/wp-json\/wp\/v2\/media\/146"}],"wp:attachment":[{"href":"https:\/\/belle-passion.fr\/index.php\/wp-json\/wp\/v2\/media?parent=23"}],"curies":[{"name":"wp","href":"https:\/\/api.w.org\/{rel}","templated":true}]}}