{"id":17,"date":"2025-01-09T13:36:17","date_gmt":"2025-01-09T13:36:17","guid":{"rendered":"https:\/\/belle-passion.com\/?page_id=17"},"modified":"2026-02-08T17:18:29","modified_gmt":"2026-02-08T09:18:29","slug":"cours-de-talons-hauts","status":"publish","type":"page","link":"https:\/\/belle-passion.fr\/index.php\/cours-de-talons-hauts\/","title":{"rendered":"Cours de talons hauts"},"content":{"rendered":"\n<h2 class=\"wp-block-heading has-text-align-center has-large-font-size\"><strong>Les talons hauts, une \u0153uvre d\u2019art<\/strong><\/h2>\n\n\n\n<p class=\"has-text-align-center\">Marcher avec \u00e9l\u00e9gance <br>en talons hauts est en soi, un art.<br><br>Souhaitez-vous vivre avec beaut\u00e9 ?<\/p>\n\n\n\n<p class=\"has-text-align-center\">Pour vivre avec beaut\u00e9<br>les talons hauts sont indispensables.<br><br>C\u2019est cette union parfaite entre la beaut\u00e9<br> et l\u2019art qui d\u00e9finit les cours de<br> talons hauts propos\u00e9s par Belle passion.<\/p>\n\n\n\n<p class=\"has-text-align-center\">Il ne s\u2019agit pas seulement<br> d\u2019apprendre \u00e0 marcher correctement<br> avec des talons hauts, mais de ma\u00eetriser<br> une d\u00e9marche qui sublime votre \u00e9l\u00e9gance<br> et votre beaut\u00e9.<\/p>\n\n\n\n<p class=\"has-text-align-center\">En cultivant une d\u00e9marche raffin\u00e9e<br>vous serez capable de vous distinguer <br>en toutes circonstances et de progresser <br>avec confiance dans votre vie.<\/p>\n\n\n\n<div style=\"height:6px\" aria-hidden=\"true\" class=\"wp-block-spacer\"><\/div>\n\n\n\n<h2 class=\"wp-block-heading has-text-align-center has-large-font-size\"><strong>La v\u00e9rit\u00e9 sur les talons hauts<\/strong><\/h2>\n\n\n\n<p class=\"has-text-align-center\">Porter des talons hauts peut <br>parfois engendrer des douleurs <br>aux pieds ou au dos.<br><br>Ces inconforts r\u00e9sultent souvent <br>d\u2019un d\u00e9s\u00e9quilibre du poids sur<br> l\u2019ext\u00e9rieur du corps d\u2019un atterrissage<br> incorrect sur le talon ou<br> d\u2019une posture cambr\u00e9e.<\/p>\n\n\n\n<p class=\"has-text-align-center\">Lorsque votre corps est correctement<br> align\u00e9 et que vous apprenez \u00e0 <br>bouger de mani\u00e8re appropri\u00e9e<br> ces probl\u00e8mes disparaissent.<br><br>Mieux encore, vous pouvez obtenir <br>une silhouette \u00e9l\u00e9gante et harmonieuse.<br><br>Chez Belle Passion,<br>je m\u2019inspire de la philosophie des <br>talons hauts d\u2019ASAMI-PARIS<br>qui m\u2019a profond\u00e9ment marqu\u00e9e<br>et j\u2019int\u00e8gre son esprit \u00e0 ma propre<br> approche personnelle pour accompagner<br> mes clientes.<\/p>\n\n\n\n<p class=\"has-text-align-center\">\u00c0 travers mes cours, je vous invite <br>\u00e0 d\u00e9couvrir non seulement la beaut\u00e9<br> mais aussi l\u2019art des talons hauts<br>transformant ainsi votre quotidien<br> en une exp\u00e9rience encore plus riche <br>et \u00e9panouissante.<\/p>\n\n\n\n<div style=\"height:6px\" aria-hidden=\"true\" class=\"wp-block-spacer\"><\/div>\n\n\n\n<h2 class=\"wp-block-heading has-text-align-center has-large-font-size\"><strong>En tant que coach sp\u00e9cialis\u00e9e<\/strong><\/h2>\n\n\n\n<p class=\"has-text-align-center\">En tant que coach sp\u00e9cialis\u00e9e <br>en talons hauts, je continue de <br>perfectionner ma pratique en <br>suivant r\u00e9guli\u00e8rement des <br>cours \u00e0 Paris avec ASAMI-PARIS.<br><br> Cela me permet d\u2019approfondir <br>continuellement mes comp\u00e9tences<br>que je transmets ensuite avec soin<br> \u00e0 mes clientes.<\/p>\n\n\n\n<p class=\"has-text-align-center\">Par ailleurs, je participe chaque semaine<br> \u00e0 des cours en ligne, non seulement <br>pour pr\u00e9server ma propre condition<br> physique, mais aussi parce qu\u2019en <br>tant que professionnelle, je sais combien<br> il est essentiel de garder <br>une vision objective et \u00e9clair\u00e9e <br>sur mon propre corps.<\/p>\n\n\n\n<p class=\"has-text-align-center\">Je peux affirmer avec certitude <br>qu\u2019il est difficile d\u2019identifier les<br>habitudes et d\u00e9s\u00e9quilibres de <br>son propre corps sans<br> l\u2019accompagnement d\u2019un coach<br> personnel.<\/p>\n\n\n\n<p class=\"has-text-align-center\">C\u2019est pr\u00e9cis\u00e9ment l\u00e0 que r\u00e9side<br> l\u2019avantage d\u2019un accompagnement<br> personnalis\u00e9 : un regard ext\u00e9rieur<br> pour guider, corriger, et sublimer.<\/p>\n\n\n\n<div style=\"height:6px\" aria-hidden=\"true\" class=\"wp-block-spacer\"><\/div>\n\n\n\n<p><\/p>\n\n\n\n<h2 class=\"wp-block-heading has-text-align-center has-large-font-size\"><strong>Les bienfaits que j&rsquo;ai re\u00e7us gr\u00e2ce<\/strong><br><strong> aux cours de talons hauts<\/strong><\/h2>\n\n\n\n<p class=\"has-text-align-center\">-Je peux marcher chaque jour <br>en talons hauts avec \u00e9l\u00e9gance<br>sans fatigue ni inconfort physique.<br><br>&#8211; J&rsquo;ai gagn\u00e9 une v\u00e9ritable confiance en moi.<\/p>\n\n\n\n<p class=\"has-text-align-center\">&#8211; Je prends r\u00e9guli\u00e8rement du temps <br>pour me reconnecter \u00e0 mon corps<br> un moment pr\u00e9cieux et apaisant.<\/p>\n\n\n\n<p class=\"has-text-align-center\">&#8211; Gr\u00e2ce aux cours, je ressens une \u00e9nergie <br>profonde et \u00e9lev\u00e9e, qui me permet de vivre<br> mon quotidien avec vitalit\u00e9 et s\u00e9r\u00e9nit\u00e9.<\/p>\n\n\n\n<p class=\"has-text-align-center\">&#8211; J&rsquo;ai acquis une posture <br>et des mouvements d&rsquo;une<br> grande \u00e9l\u00e9gance.<br><br>-En \u00e9quilibrant mon corps<br> j&rsquo;ai obtenu une silhouette<br> harmonieuse et raffin\u00e9e.<br><\/p>\n\n\n\n<p class=\"has-text-align-center\">Ces bienfaits, je suis ravie de<br> les partager avec vous<br>&nbsp;\u00e0 travers mes cours de talons hauts.<\/p>\n\n\n\n<div style=\"height:6px\" aria-hidden=\"true\" class=\"wp-block-spacer\"><\/div>\n\n\n\n<div style=\"height:6px\" aria-hidden=\"true\" class=\"wp-block-spacer\"><\/div>\n\n\n\n<figure class=\"wp-block-image aligncenter size-full is-resized\"><img loading=\"lazy\" decoding=\"async\" width=\"266\" height=\"400\" src=\"https:\/\/belle-passion.fr\/wp-content\/uploads\/2025\/01\/Planterra-Conservatory-Wedding-__-Nick-Bare-and-Stefany-Banda-\u2014-Rachelle-Welling-Photography.jpeg\" alt=\"\" class=\"wp-image-172\" style=\"object-fit:cover;width:300px;height:300px\" srcset=\"https:\/\/belle-passion.fr\/wp-content\/uploads\/2025\/01\/Planterra-Conservatory-Wedding-__-Nick-Bare-and-Stefany-Banda-\u2014-Rachelle-Welling-Photography.jpeg 266w, https:\/\/belle-passion.fr\/wp-content\/uploads\/2025\/01\/Planterra-Conservatory-Wedding-__-Nick-Bare-and-Stefany-Banda-\u2014-Rachelle-Welling-Photography-200x300.jpeg 200w\" sizes=\"auto, (max-width: 266px) 100vw, 266px\" \/><\/figure>\n\n\n\n<h2 class=\"wp-block-heading has-text-align-center has-large-font-size\"><br><br><strong>Cours de talons hauts<\/strong><\/h2>\n\n\n\n<p class=\"has-text-align-center\">Je propose deux types de cours :<br><br><\/p>\n\n\n\n<p class=\"has-text-align-center has-accent-3-color has-text-color has-link-color has-medium-font-size wp-elements-ebd753ce73011533b870568bdcf71959\"><strong>1. Cours en pr\u00e9sentiel (Haute Couture)<\/strong><\/p>\n\n\n\n<p class=\"has-text-align-center\">\u203b Le cours est dispens\u00e9 dans mon salon <br>situ\u00e9 \u00e0 Hiroshima, au Japon.<br><br><\/p>\n\n\n\n<p class=\"has-text-align-center\" style=\"text-decoration:underline\"><strong>\u00c9tape 1 : Les \u00e9tirements<\/strong><\/p>\n\n\n\n<p class=\"has-text-align-center\">Les \u00e9tirements propos\u00e9s par<br> Belle passion ne se contentent pas <br>d\u2019am\u00e9liorer la flexibilit\u00e9 du corps<br> mais renforcent \u00e9galement votre<br> pouvoir d\u2019auto-gu\u00e9rison.<\/p>\n\n\n\n<p class=\"has-text-align-center\">Ils ne se limitent pas \u00e0 assouplir<br> votre corps, mais aident \u00e0 <br>r\u00e9aligner chaque partie de<br> celui-ci et \u00e0 guider votre<br> posture vers l\u2019\u00e9l\u00e9gance.<\/p>\n\n\n\n<p class=\"has-text-align-center\">Je consacre une grande partie <br>de mon temps aux \u00e9tirements<br> car ils constituent la base essentielle<br> pour marcher correctement <br>en talons hauts.<br><br><\/p>\n\n\n\n<p class=\"has-text-align-center\" style=\"text-decoration:underline\"><strong>\u00c9tape 2 : Exercices pieds nus<\/strong><\/p>\n\n\n\n<p class=\"has-text-align-center\">Apr\u00e8s les \u00e9tirements<br>nous passons aux exercices pieds nus<br> pour renforcer les muscles n\u00e9cessaires <br>\u00e0 la marche en talons hauts.<\/p>\n\n\n\n<p class=\"has-text-align-center\">Le corps est une unit\u00e9, et pour <br>atteindre la beaut\u00e9, il est essentiel<br> de prendre conscience de la<br> mani\u00e8re dont nous utilisons <br>nos muscles. <br><br>Vous effectuerez cinq exercices <br>pieds nus chacun ayant pour<br> but de cibler les muscles utilis\u00e9s<br> lors de la marche en talons hauts.<br><br>Ce processus vous permettra<br> \u00e9galement d&rsquo;apprendre \u00e0<br> d\u00e9placer vos pieds de<br> mani\u00e8re gracieuse en talons.<br><br><\/p>\n\n\n\n<p class=\"has-text-align-center\" style=\"text-decoration:underline\"><strong>\u00c9tape 3 : Exercices en talons hauts<\/strong><\/p>\n\n\n\n<p class=\"has-text-align-center\">La derni\u00e8re \u00e9tape consiste \u00e0 effectuer <br>des exercices en talons hauts.<br><br>&nbsp;Bas\u00e9s sur les exercices r\u00e9alis\u00e9s<br> pr\u00e9c\u00e9demment pieds nus<br> ces exercices visent \u00e0 renforcer<br> davantage vos muscles pour<br> am\u00e9liorer la marche en talons.<\/p>\n\n\n\n<p class=\"has-text-align-center has-contrast-color has-text-color has-link-color wp-elements-4ce5dc18d65f448c7d9b44a92facbe24\">Les cours sont personnalis\u00e9s <br>en fonction des objectifs et des <br>aspirations de chaque cliente.<br><br>Ils ne se limitent pas \u00e0 <br>l\u2019apprentissage de la marche en <br>talons hauts, mais visent \u00e9galement<br> \u00e0 d\u00e9velopper la pr\u00e9sence <br>et \u00e0 r\u00e9v\u00e9ler l\u2019\u00e9l\u00e9gance.<\/p>\n\n\n\n<p class=\"has-text-align-center has-contrast-color has-text-color has-link-color wp-elements-d668873d58e7c8b67a3141a3cbe17b9c\"><\/p>\n\n\n\n<div style=\"height:4px\" aria-hidden=\"true\" class=\"wp-block-spacer\"><\/div>\n\n\n\n<p class=\"has-text-align-center has-text-color has-link-color wp-elements-bcf6e1f4c969b8e1116b2cced4bd875b\" style=\"color:#cc1515\"><strong>Tarif du cours<\/strong><\/p>\n\n\n\n<p class=\"has-text-align-center\">Cours \u00e0 l&rsquo;unit\u00e9 : 25,000 yen<br>(120 minutes)<\/p>\n\n\n\n<div style=\"height:6px\" aria-hidden=\"true\" class=\"wp-block-spacer\"><\/div>\n\n\n\n<div style=\"height:6px\" aria-hidden=\"true\" class=\"wp-block-spacer\"><\/div>\n\n\n\n<p class=\"has-text-align-center has-accent-3-color has-text-color has-link-color has-medium-font-size wp-elements-64d2a2ec0616aa9ee0dba748044f7de7\"><strong>2. Cours en ligne (Pr\u00eat-\u00e0-porter)<\/strong><\/p>\n\n\n\n<p class=\"has-text-align-center\">\u203bLes cours en ligne sont r\u00e9alis\u00e9s par Zoom.<\/p>\n\n\n\n<div style=\"height:7px\" aria-hidden=\"true\" class=\"wp-block-spacer\"><\/div>\n\n\n\n<h2 class=\"wp-block-heading has-text-align-center has-large-font-size\"><strong>Les avantages des cours en ligne<\/strong><\/h2>\n\n\n\n<p class=\"has-text-align-center\">-Vous pouvez apprendre des cours de <br>talons hauts de qualit\u00e9 professionnelle <br>o\u00f9 que vous soyez dans le monde.<\/p>\n\n\n\n<p class=\"has-text-align-center\">-Vous suivez les cours depuis<br> chez vous, sans perdre de temps <br>en d\u00e9placements.<\/p>\n\n\n\n<p class=\"has-text-align-center\">-Il est ais\u00e9ment possible de r\u00e9server<br> une date et une heure de cours <br>qui correspondent \u00e0 vos pr\u00e9f\u00e9rences.<\/p>\n\n\n\n<p class=\"has-text-align-center\">-Gr\u00e2ce \u00e0 la fonction d&rsquo;enregistrement <br>de Zoom&nbsp;vous pouvez revoir les le\u00e7ons<br> \u00e0 tout moment.<br><br><\/p>\n\n\n\n<p><\/p>\n\n\n\n<p class=\"has-text-align-center has-text-color has-link-color wp-elements-9102af04d28d88d1e8241f230ef306d1\" style=\"color:#cc1515\"><strong>Tarifs des cours<\/strong><\/p>\n\n\n\n<p class=\"has-text-align-center\">Cours \u00e0 l&rsquo;unit\u00e9\u00a0: 15,000 yen<br>3 cours : 39,000 yen<br>5 cours : 55,000 yen<br><br>\u203b1 cours (45 minutes)<br><br>Les \u00e9tirements ne sont pas inclus.<br><br>Apr\u00e8s deux exercices pieds nus<br>nous effectuerons des exercices<br> en talons hauts.<\/p>\n\n\n\n<div style=\"height:6px\" aria-hidden=\"true\" class=\"wp-block-spacer\"><\/div>\n\n\n\n<h2 class=\"wp-block-heading has-text-align-center has-large-font-size\"><strong><strong>Moyen de paiement<\/strong><\/strong><\/h2>\n\n\n\n<p class=\"has-text-align-center\">Veuillez choisir votre moyen de paiement<br>&nbsp;parmi les options suivantes :<\/p>\n\n\n\n<p class=\"has-text-align-center\"> PayPal \/ Wise<\/p>\n\n\n\n<div style=\"height:6px\" aria-hidden=\"true\" class=\"wp-block-spacer\"><\/div>\n\n\n\n<p class=\"has-text-align-center has-large-font-size\"><strong>Modification de r\u00e9servation<\/strong><\/p>\n\n\n\n<p class=\"has-text-align-center\">Toute modification de<br>votre r\u00e9servation doit \u00eatre effectu\u00e9e<br>&nbsp;au moins 24 heures<br>&nbsp;avant le d\u00e9but de la le\u00e7on.<\/p>\n\n\n\n<p class=\"has-text-align-center\">Veuillez noter que tout contact<br>&nbsp;apr\u00e8s ce d\u00e9lai sera consid\u00e9r\u00e9<br>&nbsp;comme une annulation.<br><br><br><strong>Contact<\/strong><br>bellepassionyukiko@gmail.com<\/p>\n\n\n\n<p class=\"has-text-align-center\"><\/p>\n\n\n\n<div style=\"height:6px\" aria-hidden=\"true\" class=\"wp-block-spacer\"><\/div>\n\n\n\n<figure class=\"wp-block-image aligncenter size-full is-resized\"><img loading=\"lazy\" decoding=\"async\" width=\"320\" height=\"400\" src=\"https:\/\/belle-passion.fr\/wp-content\/uploads\/2025\/01\/Love-Story-I-Prints-Assaf-Frank-_-AllPosters_com.jpeg\" alt=\"\" class=\"wp-image-173\" style=\"object-fit:cover;width:300px;height:300px\" srcset=\"https:\/\/belle-passion.fr\/wp-content\/uploads\/2025\/01\/Love-Story-I-Prints-Assaf-Frank-_-AllPosters_com.jpeg 320w, https:\/\/belle-passion.fr\/wp-content\/uploads\/2025\/01\/Love-Story-I-Prints-Assaf-Frank-_-AllPosters_com-240x300.jpeg 240w\" sizes=\"auto, (max-width: 320px) 100vw, 320px\" \/><\/figure>\n","protected":false},"excerpt":{"rendered":"<p>Les talons hauts, une \u0153uvre d\u2019art Marcher avec \u00e9l\u00e9gance en talons hauts est en soi, un art. Souhaitez-vous vivre avec beaut\u00e9 ? Pour vivre avec beaut\u00e9les talons hauts sont indispensables. C\u2019est cette union parfaite entre la beaut\u00e9 et l\u2019art qui d\u00e9finit les cours de talons hauts propos\u00e9s par Belle passion. Il ne s\u2019agit pas seulement [&hellip;]<\/p>\n","protected":false},"author":1,"featured_media":167,"parent":0,"menu_order":0,"comment_status":"closed","ping_status":"closed","template":"","meta":{"footnotes":""},"class_list":["post-17","page","type-page","status-publish","has-post-thumbnail","hentry"],"_links":{"self":[{"href":"https:\/\/belle-passion.fr\/index.php\/wp-json\/wp\/v2\/pages\/17","targetHints":{"allow":["GET"]}}],"collection":[{"href":"https:\/\/belle-passion.fr\/index.php\/wp-json\/wp\/v2\/pages"}],"about":[{"href":"https:\/\/belle-passion.fr\/index.php\/wp-json\/wp\/v2\/types\/page"}],"author":[{"embeddable":true,"href":"https:\/\/belle-passion.fr\/index.php\/wp-json\/wp\/v2\/users\/1"}],"replies":[{"embeddable":true,"href":"https:\/\/belle-passion.fr\/index.php\/wp-json\/wp\/v2\/comments?post=17"}],"version-history":[{"count":44,"href":"https:\/\/belle-passion.fr\/index.php\/wp-json\/wp\/v2\/pages\/17\/revisions"}],"predecessor-version":[{"id":332,"href":"https:\/\/belle-passion.fr\/index.php\/wp-json\/wp\/v2\/pages\/17\/revisions\/332"}],"wp:featuredmedia":[{"embeddable":true,"href":"https:\/\/belle-passion.fr\/index.php\/wp-json\/wp\/v2\/media\/167"}],"wp:attachment":[{"href":"https:\/\/belle-passion.fr\/index.php\/wp-json\/wp\/v2\/media?parent=17"}],"curies":[{"name":"wp","href":"https:\/\/api.w.org\/{rel}","templated":true}]}}