{"id":12,"date":"2025-01-09T13:35:44","date_gmt":"2025-01-09T13:35:44","guid":{"rendered":"https:\/\/belle-passion.com\/?page_id=12"},"modified":"2025-09-05T23:45:29","modified_gmt":"2025-09-05T15:45:29","slug":"profil","status":"publish","type":"page","link":"https:\/\/belle-passion.fr\/index.php\/profil\/","title":{"rendered":"Profil"},"content":{"rendered":"\n<h2 class=\"wp-block-heading has-text-align-center has-large-font-size\"><strong>Ce que j\u2019aime profond\u00e9ment, <br>c\u2019est l\u2019\u00e9nergie sublime de Paris.<\/strong><\/h2>\n\n\n\n<p class=\"has-text-align-center\">Et cette \u00e9nergie sublime se <br>manifeste \u00e0 travers l\u2019esprit artistique <br>de Christian Louboutin.<\/p>\n\n\n\n<p class=\"has-text-align-center\">C\u2019est cette fusion entre la beaut\u00e9<br>et l\u2019art qui donne naissance \u00e0 mes <br>cours de talons hauts.<\/p>\n\n\n\n<p class=\"has-text-align-center\">Mes le\u00e7ons ne se limitent pas \u00e0<br>apprendre \u00e0 marcher correctement<br>en talons hauts.<\/p>\n\n\n\n<p class=\"has-text-align-center\">Elles r\u00e9v\u00e8lent la beaut\u00e9 int\u00e9rieure<br>de chaque femme tout en amplifiant<br>sa confiance en elle et son aura.<\/p>\n\n\n\n<p class=\"has-text-align-center\">Pourquoi puis-je vous l\u2019affirmer<br>avec autant de conviction ?<\/p>\n\n\n\n<p class=\"has-text-align-center\">Parce que j\u2019ai \u00e9t\u00e9 profond\u00e9ment inspir\u00e9e <br>par la philosophie des talons hauts <br>d\u2019\u00ab ASAMI-PARIS \u00bb, qui m\u2019a profond\u00e9ment<br> marqu\u00e9e, et j\u2019en int\u00e8gre l\u2019esprit dans <br>mon propre travail.<\/p>\n\n\n\n<p class=\"has-text-align-center\">D\u00e9couvrir mes cours de talons hauts<br> est une v\u00e9ritable chance.<\/p>\n\n\n\n<p class=\"has-text-align-center\">Pour les femmes qui souhaitent<br>rester belles tout au long de<br> leur vie, \u00ab Belle Passion \u00bb est l\u00e0 <br>pour vous accompagner.<\/p>\n\n\n\n<div style=\"height:6px\" aria-hidden=\"true\" class=\"wp-block-spacer\"><\/div>\n\n\n\n<div style=\"height:5px\" aria-hidden=\"true\" class=\"wp-block-spacer\"><\/div>\n\n\n\n<h2 class=\"wp-block-heading has-text-align-center has-large-font-size\"><strong>Qu\u2019est-ce que \u00ab\u00a0ASAMI-PARIS\u00a0\u00bb ?<\/strong><\/h2>\n\n\n\n<p class=\"has-text-align-center\">C\u2019est une m\u00e9thode de talons hauts<br>qui permet de marcher avec \u00e9l\u00e9gance<br>tout en am\u00e9liorant les douleurs<br>lombaires ou autres g\u00eanes corporelles<br>sans jamais en provoquer.<\/p>\n\n\n\n<p class=\"has-text-align-center\">Cette m\u00e9thode repose sur la th\u00e9orie<br>selon laquelle le corps humain est<br>une unit\u00e9 indivisible.<\/p>\n\n\n\n<p class=\"has-text-align-center\">Elle int\u00e8gre \u00e9galement des exercices<br> et des \u00e9tirements bas\u00e9s sur <br>l\u2019anatomie humaine, offrant une approche <br>scientifique et holistique.<\/p>\n\n\n\n<p class=\"has-text-align-center\">N\u00e9e \u00e0 Paris, cette m\u00e9thode de <br>talons hauts a captiv\u00e9 les femmes <br>du monde entier, qui ne cessent de <br>franchir ses portes<br>pour en d\u00e9couvrir les bienfaits.<br><br><br><strong>Contact<\/strong><br>bellepassionyukiko@gmail.com<\/p>\n\n\n\n<div style=\"height:6px\" aria-hidden=\"true\" class=\"wp-block-spacer\"><\/div>\n\n\n\n<figure class=\"wp-block-image aligncenter size-full is-resized\"><img loading=\"lazy\" decoding=\"async\" width=\"266\" height=\"400\" src=\"https:\/\/belle-passion.fr\/wp-content\/uploads\/2025\/01\/A-Berry-Hued-30th-Birthday-Bash.jpeg\" alt=\"\" class=\"wp-image-133\" style=\"object-fit:cover;width:300px;height:300px\" srcset=\"https:\/\/belle-passion.fr\/wp-content\/uploads\/2025\/01\/A-Berry-Hued-30th-Birthday-Bash.jpeg 266w, https:\/\/belle-passion.fr\/wp-content\/uploads\/2025\/01\/A-Berry-Hued-30th-Birthday-Bash-200x300.jpeg 200w\" sizes=\"auto, (max-width: 266px) 100vw, 266px\" \/><\/figure>\n","protected":false},"excerpt":{"rendered":"<p>Ce que j\u2019aime profond\u00e9ment, c\u2019est l\u2019\u00e9nergie sublime de Paris. Et cette \u00e9nergie sublime se manifeste \u00e0 travers l\u2019esprit artistique de Christian Louboutin. C\u2019est cette fusion entre la beaut\u00e9et l\u2019art qui donne naissance \u00e0 mes cours de talons hauts. Mes le\u00e7ons ne se limitent pas \u00e0apprendre \u00e0 marcher correctementen talons hauts. Elles r\u00e9v\u00e8lent la beaut\u00e9 int\u00e9rieurede [&hellip;]<\/p>\n","protected":false},"author":1,"featured_media":124,"parent":0,"menu_order":0,"comment_status":"closed","ping_status":"closed","template":"","meta":{"footnotes":""},"class_list":["post-12","page","type-page","status-publish","has-post-thumbnail","hentry"],"_links":{"self":[{"href":"https:\/\/belle-passion.fr\/index.php\/wp-json\/wp\/v2\/pages\/12","targetHints":{"allow":["GET"]}}],"collection":[{"href":"https:\/\/belle-passion.fr\/index.php\/wp-json\/wp\/v2\/pages"}],"about":[{"href":"https:\/\/belle-passion.fr\/index.php\/wp-json\/wp\/v2\/types\/page"}],"author":[{"embeddable":true,"href":"https:\/\/belle-passion.fr\/index.php\/wp-json\/wp\/v2\/users\/1"}],"replies":[{"embeddable":true,"href":"https:\/\/belle-passion.fr\/index.php\/wp-json\/wp\/v2\/comments?post=12"}],"version-history":[{"count":13,"href":"https:\/\/belle-passion.fr\/index.php\/wp-json\/wp\/v2\/pages\/12\/revisions"}],"predecessor-version":[{"id":329,"href":"https:\/\/belle-passion.fr\/index.php\/wp-json\/wp\/v2\/pages\/12\/revisions\/329"}],"wp:featuredmedia":[{"embeddable":true,"href":"https:\/\/belle-passion.fr\/index.php\/wp-json\/wp\/v2\/media\/124"}],"wp:attachment":[{"href":"https:\/\/belle-passion.fr\/index.php\/wp-json\/wp\/v2\/media?parent=12"}],"curies":[{"name":"wp","href":"https:\/\/api.w.org\/{rel}","templated":true}]}}